{"id":183,"date":"2025-04-08T14:56:27","date_gmt":"2025-04-08T12:56:27","guid":{"rendered":"https:\/\/radam.normandiewebschool.education\/?page_id=183"},"modified":"2026-02-22T22:28:04","modified_gmt":"2026-02-22T21:28:04","slug":"contact","status":"publish","type":"page","link":"https:\/\/radam.normandiewebschool.education\/?page_id=183","title":{"rendered":"contact"},"content":{"rendered":"\t\t<div data-elementor-type=\"wp-page\" data-elementor-id=\"183\" class=\"elementor elementor-183\">\n\t\t\t\t<div class=\"elementor-element elementor-element-fa7314e e-grid e-con-boxed e-con e-parent\" data-id=\"fa7314e\" data-element_type=\"container\" data-settings=\"{&quot;background_background&quot;:&quot;classic&quot;}\">\n\t\t\t\t\t<div class=\"e-con-inner\">\n\t\t\t\t<div class=\"elementor-element elementor-element-21766cc elementor-widget elementor-widget-heading\" data-id=\"21766cc\" data-element_type=\"widget\" data-widget_type=\"heading.default\">\n\t\t\t\t<div class=\"elementor-widget-container\">\n\t\t\t\t\t<h2 class=\"elementor-heading-title elementor-size-default\">Mes coordon\u00e9es<\/h2>\t\t\t\t<\/div>\n\t\t\t\t<\/div>\n\t\t\t\t<div class=\"elementor-element elementor-element-1f933c5 elementor-widget elementor-widget-text-editor\" data-id=\"1f933c5\" data-element_type=\"widget\" data-widget_type=\"text-editor.default\">\n\t\t\t\t<div class=\"elementor-widget-container\">\n\t\t\t\t\t\t\t\t\t<p>Mes coordonn\u00e9es :<br \/>Adam Richard \u2013 19 ans<\/p><p>97 rue du g\u00e9n\u00e9ral Sarrail 76600 Le Havre<\/p><p>24 rue Raymond Hervet, 76170 La Trinit\u00e9 du Mont<\/p><p>adam.richard2610@gmail.com<\/p><p>07 49 07 06 89<\/p><p>\ud83d\udd17 Mon LinkedIn<\/p><p>\u00c9tudiant \u00e0 la Normandie Web School \u2013 Le Havre<\/p><p>Sp\u00e9cialisation : communication digitale<\/p><p>Projet journalisme sportif.<\/p>\t\t\t\t\t\t\t\t<\/div>\n\t\t\t\t<\/div>\n\t\t\t\t\t<\/div>\n\t\t\t\t<\/div>\n\t\t\t\t<\/div>\n\t\t","protected":false},"excerpt":{"rendered":"<p>Mes coordon\u00e9es Mes coordonn\u00e9es :Adam Richard \u2013 19 ans 97 rue du g\u00e9n\u00e9ral Sarrail 76600 Le Havre 24 rue Raymond Hervet, 76170 La Trinit\u00e9 du Mont adam.richard2610@gmail.com 07 49 07 06 89 \ud83d\udd17 Mon LinkedIn \u00c9tudiant \u00e0 la Normandie Web School \u2013 Le Havre Sp\u00e9cialisation : communication digitale Projet journalisme sportif.<\/p>\n","protected":false},"author":1,"featured_media":0,"parent":0,"menu_order":0,"comment_status":"closed","ping_status":"closed","template":"","meta":{"_themeisle_gutenberg_block_has_review":false,"footnotes":""},"class_list":["post-183","page","type-page","status-publish","hentry"],"_links":{"self":[{"href":"https:\/\/radam.normandiewebschool.education\/index.php?rest_route=\/wp\/v2\/pages\/183","targetHints":{"allow":["GET"]}}],"collection":[{"href":"https:\/\/radam.normandiewebschool.education\/index.php?rest_route=\/wp\/v2\/pages"}],"about":[{"href":"https:\/\/radam.normandiewebschool.education\/index.php?rest_route=\/wp\/v2\/types\/page"}],"author":[{"embeddable":true,"href":"https:\/\/radam.normandiewebschool.education\/index.php?rest_route=\/wp\/v2\/users\/1"}],"replies":[{"embeddable":true,"href":"https:\/\/radam.normandiewebschool.education\/index.php?rest_route=%2Fwp%2Fv2%2Fcomments&post=183"}],"version-history":[{"count":28,"href":"https:\/\/radam.normandiewebschool.education\/index.php?rest_route=\/wp\/v2\/pages\/183\/revisions"}],"predecessor-version":[{"id":720,"href":"https:\/\/radam.normandiewebschool.education\/index.php?rest_route=\/wp\/v2\/pages\/183\/revisions\/720"}],"wp:attachment":[{"href":"https:\/\/radam.normandiewebschool.education\/index.php?rest_route=%2Fwp%2Fv2%2Fmedia&parent=183"}],"curies":[{"name":"wp","href":"https:\/\/api.w.org\/{rel}","templated":true}]}}