{"id":185,"date":"2025-04-08T14:56:51","date_gmt":"2025-04-08T12:56:51","guid":{"rendered":"https:\/\/radam.normandiewebschool.education\/?page_id=185"},"modified":"2026-03-17T17:02:19","modified_gmt":"2026-03-17T16:02:19","slug":"cv","status":"publish","type":"page","link":"https:\/\/radam.normandiewebschool.education\/?page_id=185","title":{"rendered":"CV"},"content":{"rendered":"\t\t<div data-elementor-type=\"wp-page\" data-elementor-id=\"185\" class=\"elementor elementor-185\">\n\t\t\t\t<div class=\"elementor-element elementor-element-22e63eb e-grid e-con-boxed e-con e-parent\" data-id=\"22e63eb\" data-element_type=\"container\" data-settings=\"{&quot;background_background&quot;:&quot;classic&quot;}\">\n\t\t\t\t\t<div class=\"e-con-inner\">\n\t\t\t\t<div class=\"elementor-element elementor-element-1a2ce80 elementor-widget elementor-widget-image\" data-id=\"1a2ce80\" data-element_type=\"widget\" data-widget_type=\"image.default\">\n\t\t\t\t<div class=\"elementor-widget-container\">\n\t\t\t\t\t\t\t\t\t\t\t\t\t\t\t<img fetchpriority=\"high\" decoding=\"async\" width=\"800\" height=\"688\" src=\"https:\/\/radam.normandiewebschool.education\/wp-content\/uploads\/2025\/04\/Capture-decran-2025-04-08-175121.png\" class=\"attachment-large size-large wp-image-237\" alt=\"\" srcset=\"https:\/\/radam.normandiewebschool.education\/wp-content\/uploads\/2025\/04\/Capture-decran-2025-04-08-175121.png 868w, https:\/\/radam.normandiewebschool.education\/wp-content\/uploads\/2025\/04\/Capture-decran-2025-04-08-175121-300x258.png 300w, https:\/\/radam.normandiewebschool.education\/wp-content\/uploads\/2025\/04\/Capture-decran-2025-04-08-175121-768x660.png 768w\" sizes=\"(max-width: 800px) 100vw, 800px\" \/>\t\t\t\t\t\t\t\t\t\t\t\t\t\t\t<\/div>\n\t\t\t\t<\/div>\n\t\t\t\t<div class=\"elementor-element elementor-element-edd01f4 elementor-widget elementor-widget-image\" data-id=\"edd01f4\" data-element_type=\"widget\" data-widget_type=\"image.default\">\n\t\t\t\t<div class=\"elementor-widget-container\">\n\t\t\t\t\t\t\t\t\t\t\t\t\t\t\t<img decoding=\"async\" width=\"724\" height=\"1024\" src=\"https:\/\/radam.normandiewebschool.education\/wp-content\/uploads\/2026\/03\/Design-sans-titre-724x1024.png\" class=\"attachment-large size-large wp-image-740\" alt=\"\" srcset=\"https:\/\/radam.normandiewebschool.education\/wp-content\/uploads\/2026\/03\/Design-sans-titre-724x1024.png 724w, https:\/\/radam.normandiewebschool.education\/wp-content\/uploads\/2026\/03\/Design-sans-titre-212x300.png 212w, https:\/\/radam.normandiewebschool.education\/wp-content\/uploads\/2026\/03\/Design-sans-titre-768x1086.png 768w, https:\/\/radam.normandiewebschool.education\/wp-content\/uploads\/2026\/03\/Design-sans-titre-1086x1536.png 1086w, https:\/\/radam.normandiewebschool.education\/wp-content\/uploads\/2026\/03\/Design-sans-titre.png 1414w\" sizes=\"(max-width: 724px) 100vw, 724px\" \/>\t\t\t\t\t\t\t\t\t\t\t\t\t\t\t<\/div>\n\t\t\t\t<\/div>\n\t\t\t\t\t<\/div>\n\t\t\t\t<\/div>\n\t\t<div class=\"elementor-element elementor-element-e5add28 e-flex e-con-boxed e-con e-parent\" data-id=\"e5add28\" data-element_type=\"container\" data-settings=\"{&quot;background_background&quot;:&quot;classic&quot;,&quot;shape_divider_top&quot;:&quot;book&quot;}\">\n\t\t\t\t\t<div class=\"e-con-inner\">\n\t\t\t\t<div class=\"elementor-shape elementor-shape-top\" data-negative=\"false\">\n\t\t\t<svg xmlns=\"http:\/\/www.w3.org\/2000\/svg\" viewBox=\"0 0 1000 100\" preserveAspectRatio=\"none\">\n\t<path class=\"elementor-shape-fill\" d=\"M194,99c186.7,0.7,305-78.3,306-97.2c1,18.9,119.3,97.9,306,97.2c114.3-0.3,194,0.3,194,0.3s0-91.7,0-100c0,0,0,0,0-0 L0,0v99.3C0,99.3,79.7,98.7,194,99z\"\/>\n<\/svg>\t\t<\/div>\n\t\t<div class=\"elementor-element elementor-element-2f6b9f4 e-con-full e-flex e-con e-child\" data-id=\"2f6b9f4\" data-element_type=\"container\">\n\t\t\t\t<div class=\"elementor-element elementor-element-5bb3df9 elementor-widget elementor-widget-image\" data-id=\"5bb3df9\" data-element_type=\"widget\" data-widget_type=\"image.default\">\n\t\t\t\t<div class=\"elementor-widget-container\">\n\t\t\t\t\t\t\t\t\t\t\t\t\t\t\t<img decoding=\"async\" width=\"682\" height=\"1024\" src=\"https:\/\/radam.normandiewebschool.education\/wp-content\/uploads\/2026\/03\/adam.richard2610@gmail.com_-682x1024.png\" class=\"attachment-large size-large wp-image-744\" alt=\"\" srcset=\"https:\/\/radam.normandiewebschool.education\/wp-content\/uploads\/2026\/03\/adam.richard2610@gmail.com_-682x1024.png 682w, https:\/\/radam.normandiewebschool.education\/wp-content\/uploads\/2026\/03\/adam.richard2610@gmail.com_-200x300.png 200w, https:\/\/radam.normandiewebschool.education\/wp-content\/uploads\/2026\/03\/adam.richard2610@gmail.com_-768x1153.png 768w, https:\/\/radam.normandiewebschool.education\/wp-content\/uploads\/2026\/03\/adam.richard2610@gmail.com_.png 842w\" sizes=\"(max-width: 682px) 100vw, 682px\" \/>\t\t\t\t\t\t\t\t\t\t\t\t\t\t\t<\/div>\n\t\t\t\t<\/div>\n\t\t\t\t<\/div>\n\t\t<div class=\"elementor-element elementor-element-0a0e202 e-con-full e-flex e-con e-child\" data-id=\"0a0e202\" data-element_type=\"container\">\n\t\t<div class=\"elementor-element elementor-element-3b374bf e-con-full e-flex e-con e-child\" data-id=\"3b374bf\" data-element_type=\"container\">\n\t\t\t\t<div class=\"elementor-element elementor-element-efe5bc0 elementor-widget elementor-widget-video\" data-id=\"efe5bc0\" data-element_type=\"widget\" data-settings=\"{&quot;video_type&quot;:&quot;hosted&quot;,&quot;controls&quot;:&quot;yes&quot;}\" data-widget_type=\"video.default\">\n\t\t\t\t<div class=\"elementor-widget-container\">\n\t\t\t\t\t\t\t<div class=\"e-hosted-video elementor-wrapper elementor-open-inline\">\n\t\t\t\t\t<video class=\"elementor-video\" src=\"https:\/\/radam.normandiewebschool.education\/wp-content\/uploads\/2026\/03\/Reel-Video-Instagram-AD-casino-1.mp4\" controls=\"\" preload=\"metadata\" controlsList=\"nodownload\"><\/video>\n\t\t\t\t<\/div>\n\t\t\t\t\t\t<\/div>\n\t\t\t\t<\/div>\n\t\t\t\t<\/div>\n\t\t<div class=\"elementor-element elementor-element-a3e4c13 e-con-full e-flex e-con e-child\" data-id=\"a3e4c13\" data-element_type=\"container\">\n\t\t\t\t<div class=\"elementor-element elementor-element-480ad3f elementor-absolute elementor-widget elementor-widget-text-editor\" data-id=\"480ad3f\" data-element_type=\"widget\" data-settings=\"{&quot;_position&quot;:&quot;absolute&quot;}\" data-widget_type=\"text-editor.default\">\n\t\t\t\t<div class=\"elementor-widget-container\">\n\t\t\t\t\t\t\t\t\t<p>Pour me d\u00e9marquer des autres candidatures, j&rsquo;ai mis en place des cv, vid\u00e9o de pr\u00e9sentation sp\u00e9cifique pour chaque candidature. Par exemple pour postuler dans les structures sportives, un cv fa\u00e7on \u00ab\u00a0l&rsquo;\u00e9quipe\u00a0\u00bb ou encore un cv vid\u00e9o sur le th\u00e8me casino pour y postuler.<\/p>\t\t\t\t\t\t\t\t<\/div>\n\t\t\t\t<\/div>\n\t\t\t\t<\/div>\n\t\t\t\t<\/div>\n\t\t\t\t\t<\/div>\n\t\t\t\t<\/div>\n\t\t<div class=\"elementor-element elementor-element-48295e9 e-flex e-con-boxed e-con e-parent\" data-id=\"48295e9\" data-element_type=\"container\">\n\t\t\t\t\t<div class=\"e-con-inner\">\n\t\t\t\t<div class=\"elementor-element elementor-element-a8a0116 elementor-widget__width-inherit elementor-widget elementor-widget-text-editor\" data-id=\"a8a0116\" data-element_type=\"widget\" data-widget_type=\"text-editor.default\">\n\t\t\t\t<div class=\"elementor-widget-container\">\n\t\t\t\t\t\t\t\t\t<p>Nous avons r\u00e9alis\u00e9 un CV comportant du Html, du Css et du Javascript.\u00a0<\/p><p><span style=\"color: var( --e-global-color-primary ); font-family: var( --e-global-typography-text-font-family ), Sans-serif; font-weight: var( --e-global-typography-text-font-weight ); font-size: 1rem;\">Je me suis inspir\u00e9 des couleurs de mon cv de base pour le r\u00e9aliser, il comporte des effets lorsque l&rsquo;on d\u00e9place la souris.<\/span><\/p><p><span style=\"color: var( --e-global-color-primary ); font-family: var( --e-global-typography-text-font-family ), Sans-serif; font-weight: var( --e-global-typography-text-font-weight ); font-size: 1rem;\">\u00a0Le CV comporte donc diff\u00e9rent programme permettant de lui apporter sa couleur, les diff\u00e9rents bloc, les titres et les textes en gras.<\/span><\/p><p>La volont\u00e9 \u00e9tait vraiment de retrouver les couleurs du cv originale et un aspect similaire\u00a0<\/p>\t\t\t\t\t\t\t\t<\/div>\n\t\t\t\t<\/div>\n\t\t\t\t\t<\/div>\n\t\t\t\t<\/div>\n\t\t<div class=\"elementor-element elementor-element-606e80a e-flex e-con-boxed e-con e-parent\" data-id=\"606e80a\" data-element_type=\"container\" data-settings=\"{&quot;background_background&quot;:&quot;classic&quot;}\">\n\t\t\t\t\t<div class=\"e-con-inner\">\n\t\t\t\t<div class=\"elementor-element elementor-element-7e2b721 elementor-align-center elementor-widget elementor-widget-button\" data-id=\"7e2b721\" data-element_type=\"widget\" data-widget_type=\"button.default\">\n\t\t\t\t<div class=\"elementor-widget-container\">\n\t\t\t\t\t\t\t\t\t<div class=\"elementor-button-wrapper\">\n\t\t\t\t\t<a class=\"elementor-button elementor-button-link elementor-size-sm\" href=\"\">\n\t\t\t\t\t\t<span class=\"elementor-button-content-wrapper\">\n\t\t\t\t\t\t\t\t\t<span class=\"elementor-button-text\">t\u00e9l\u00e9charger mon cv<\/span>\n\t\t\t\t\t<\/span>\n\t\t\t\t\t<\/a>\n\t\t\t\t<\/div>\n\t\t\t\t\t\t\t\t<\/div>\n\t\t\t\t<\/div>\n\t\t\t\t\t<\/div>\n\t\t\t\t<\/div>\n\t\t\t\t<\/div>\n\t\t","protected":false},"excerpt":{"rendered":"<p>https:\/\/radam.normandiewebschool.education\/wp-content\/uploads\/2026\/03\/Reel-Video-Instagram-AD-casino-1.mp4 Pour me d\u00e9marquer des autres candidatures, j&rsquo;ai mis en place des cv, vid\u00e9o de pr\u00e9sentation sp\u00e9cifique pour chaque candidature. Par exemple pour postuler dans les structures sportives, un cv fa\u00e7on \u00ab\u00a0l&rsquo;\u00e9quipe\u00a0\u00bb ou encore un cv vid\u00e9o sur le th\u00e8me casino pour y postuler. Nous avons r\u00e9alis\u00e9 un CV comportant du Html, du Css et [&hellip;]<\/p>\n","protected":false},"author":1,"featured_media":0,"parent":0,"menu_order":0,"comment_status":"closed","ping_status":"closed","template":"","meta":{"_themeisle_gutenberg_block_has_review":false,"footnotes":""},"class_list":["post-185","page","type-page","status-publish","hentry"],"_links":{"self":[{"href":"https:\/\/radam.normandiewebschool.education\/index.php?rest_route=\/wp\/v2\/pages\/185","targetHints":{"allow":["GET"]}}],"collection":[{"href":"https:\/\/radam.normandiewebschool.education\/index.php?rest_route=\/wp\/v2\/pages"}],"about":[{"href":"https:\/\/radam.normandiewebschool.education\/index.php?rest_route=\/wp\/v2\/types\/page"}],"author":[{"embeddable":true,"href":"https:\/\/radam.normandiewebschool.education\/index.php?rest_route=\/wp\/v2\/users\/1"}],"replies":[{"embeddable":true,"href":"https:\/\/radam.normandiewebschool.education\/index.php?rest_route=%2Fwp%2Fv2%2Fcomments&post=185"}],"version-history":[{"count":39,"href":"https:\/\/radam.normandiewebschool.education\/index.php?rest_route=\/wp\/v2\/pages\/185\/revisions"}],"predecessor-version":[{"id":759,"href":"https:\/\/radam.normandiewebschool.education\/index.php?rest_route=\/wp\/v2\/pages\/185\/revisions\/759"}],"wp:attachment":[{"href":"https:\/\/radam.normandiewebschool.education\/index.php?rest_route=%2Fwp%2Fv2%2Fmedia&parent=185"}],"curies":[{"name":"wp","href":"https:\/\/api.w.org\/{rel}","templated":true}]}}