{"id":192,"date":"2025-04-08T14:59:59","date_gmt":"2025-04-08T12:59:59","guid":{"rendered":"https:\/\/radam.normandiewebschool.education\/?page_id=192"},"modified":"2026-02-11T19:47:35","modified_gmt":"2026-02-11T18:47:35","slug":"a-propos","status":"publish","type":"page","link":"https:\/\/radam.normandiewebschool.education\/?page_id=192","title":{"rendered":"A propos"},"content":{"rendered":"\t\t<div data-elementor-type=\"wp-page\" data-elementor-id=\"192\" class=\"elementor elementor-192\">\n\t\t\t\t<div class=\"elementor-element elementor-element-1897794 e-flex e-con-boxed e-con e-parent\" data-id=\"1897794\" data-element_type=\"container\" data-settings=\"{&quot;background_background&quot;:&quot;classic&quot;}\">\n\t\t\t\t\t<div class=\"e-con-inner\">\n\t\t\t\t<div class=\"elementor-element elementor-element-4f07e5a elementor-widget elementor-widget-heading\" data-id=\"4f07e5a\" data-element_type=\"widget\" data-widget_type=\"heading.default\">\n\t\t\t\t<div class=\"elementor-widget-container\">\n\t\t\t\t\t<h2 class=\"elementor-heading-title elementor-size-default\">\u00ab Chaque id\u00e9e r\u00e9alis\u00e9e est une version am\u00e9lior\u00e9e de soi. \u00bb<\/h2>\t\t\t\t<\/div>\n\t\t\t\t<\/div>\n\t\t\t\t\t<\/div>\n\t\t\t\t<\/div>\n\t\t<div class=\"elementor-element elementor-element-c9ce15a e-flex e-con-boxed e-con e-parent\" data-id=\"c9ce15a\" data-element_type=\"container\" data-settings=\"{&quot;background_background&quot;:&quot;classic&quot;}\">\n\t\t\t\t\t<div class=\"e-con-inner\">\n\t\t<div class=\"elementor-element elementor-element-98516b7 e-con-full e-flex e-con e-child\" data-id=\"98516b7\" data-element_type=\"container\">\n\t\t\t\t<div class=\"elementor-element elementor-element-4205233 elementor-widget elementor-widget-image\" data-id=\"4205233\" data-element_type=\"widget\" data-widget_type=\"image.default\">\n\t\t\t\t<div class=\"elementor-widget-container\">\n\t\t\t\t\t\t\t\t\t\t\t\t\t\t\t<img fetchpriority=\"high\" decoding=\"async\" width=\"768\" height=\"1024\" src=\"https:\/\/radam.normandiewebschool.education\/wp-content\/uploads\/2025\/10\/IMG_8414-768x1024.jpeg\" class=\"attachment-large size-large wp-image-488\" alt=\"\" srcset=\"https:\/\/radam.normandiewebschool.education\/wp-content\/uploads\/2025\/10\/IMG_8414-768x1024.jpeg 768w, https:\/\/radam.normandiewebschool.education\/wp-content\/uploads\/2025\/10\/IMG_8414-225x300.jpeg 225w, https:\/\/radam.normandiewebschool.education\/wp-content\/uploads\/2025\/10\/IMG_8414-1152x1536.jpeg 1152w, https:\/\/radam.normandiewebschool.education\/wp-content\/uploads\/2025\/10\/IMG_8414.jpeg 1170w\" sizes=\"(max-width: 768px) 100vw, 768px\" \/>\t\t\t\t\t\t\t\t\t\t\t\t\t\t\t<\/div>\n\t\t\t\t<\/div>\n\t\t\t\t<\/div>\n\t\t<div class=\"elementor-element elementor-element-ea16630 e-con-full e-flex e-con e-child\" data-id=\"ea16630\" data-element_type=\"container\">\n\t\t\t\t<div class=\"elementor-element elementor-element-6a832e5 elementor-widget elementor-widget-text-editor\" data-id=\"6a832e5\" data-element_type=\"widget\" data-widget_type=\"text-editor.default\">\n\t\t\t\t<div class=\"elementor-widget-container\">\n\t\t\t\t\t\t\t\t\t<hr data-start=\"245\" data-end=\"248\" \/><blockquote data-start=\"250\" data-end=\"1472\"><p data-start=\"252\" data-end=\"477\">S\u2019il y a une chose que j\u2019ai comprise avec le temps, c\u2019est que tout ce que l\u2019on vit nous apprend quelque chose. Chaque exp\u00e9rience, qu\u2019elle soit positive ou plus difficile, participe \u00e0 nous construire et \u00e0 nous faire avancer.<\/p><p data-start=\"484\" data-end=\"827\">Le sport a toujours occup\u00e9 une place importante dans ma vie. Il m\u2019a appris des valeurs essentielles comme le respect, l\u2019engagement et le d\u00e9passement de soi. \u00c0 travers les diff\u00e9rentes disciplines que j\u2019ai pratiqu\u00e9es, j\u2019ai appris \u00e0 travailler en \u00e9quipe, \u00e0 accepter l\u2019effort et \u00e0 comprendre que la progression demande du temps et de la rigueur.<\/p><p data-start=\"834\" data-end=\"1034\">La lecture m\u2019a apport\u00e9 autre chose. Elle m\u2019a appris \u00e0 aimer les mots, \u00e0 faire attention \u00e0 la mani\u00e8re dont on s\u2019exprime et \u00e0 comprendre qu\u2019une phrase peut avoir du poids lorsqu\u2019elle est bien choisie.<\/p><p data-start=\"1041\" data-end=\"1308\">Aujourd\u2019hui, mes \u00e9tudes me permettent de relier tout cela : le sport, l\u2019analyse, l\u2019envie de comprendre et celle de transmettre. J\u2019aime observer, poser des questions et donner du sens \u00e0 ce que je vois. C\u2019est naturellement que je me suis dirig\u00e9 vers la communication.<\/p><p data-start=\"1315\" data-end=\"1472\">Mon objectif est de devenir journaliste sportif, pour pouvoir analyser, aller au contact, raconter et transmettre les \u00e9motions qui font la richesse du sport.<\/p><\/blockquote>\t\t\t\t\t\t\t\t<\/div>\n\t\t\t\t<\/div>\n\t\t\t\t<\/div>\n\t\t\t\t\t<\/div>\n\t\t\t\t<\/div>\n\t\t<div class=\"elementor-element elementor-element-63a6b98 e-flex e-con-boxed e-con e-parent\" data-id=\"63a6b98\" data-element_type=\"container\" data-settings=\"{&quot;background_background&quot;:&quot;classic&quot;}\">\n\t\t\t\t\t<div class=\"e-con-inner\">\n\t\t\t\t<div class=\"elementor-element elementor-element-e0b7bad elementor-widget elementor-widget-heading\" data-id=\"e0b7bad\" data-element_type=\"widget\" data-widget_type=\"heading.default\">\n\t\t\t\t<div class=\"elementor-widget-container\">\n\t\t\t\t\t<h2 class=\"elementor-heading-title elementor-size-default\">Ajoutez votre titre ici<\/h2>\t\t\t\t<\/div>\n\t\t\t\t<\/div>\n\t\t\t\t\t<\/div>\n\t\t\t\t<\/div>\n\t\t<div class=\"elementor-element elementor-element-0d3228f e-grid e-con-boxed e-con e-parent\" data-id=\"0d3228f\" data-element_type=\"container\" data-settings=\"{&quot;background_background&quot;:&quot;classic&quot;}\">\n\t\t\t\t\t<div class=\"e-con-inner\">\n\t\t\t\t<div class=\"elementor-element elementor-element-6b90080 elementor-widget__width-inherit elementor-arrows-position-inside elementor-pagination-position-outside elementor-widget elementor-widget-image-carousel\" data-id=\"6b90080\" data-element_type=\"widget\" data-settings=\"{&quot;slides_to_show&quot;:&quot;1&quot;,&quot;navigation&quot;:&quot;both&quot;,&quot;autoplay&quot;:&quot;yes&quot;,&quot;pause_on_hover&quot;:&quot;yes&quot;,&quot;pause_on_interaction&quot;:&quot;yes&quot;,&quot;autoplay_speed&quot;:5000,&quot;infinite&quot;:&quot;yes&quot;,&quot;effect&quot;:&quot;slide&quot;,&quot;speed&quot;:500}\" data-widget_type=\"image-carousel.default\">\n\t\t\t\t<div class=\"elementor-widget-container\">\n\t\t\t\t\t\t\t<div class=\"elementor-image-carousel-wrapper swiper\" role=\"region\" aria-roledescription=\"carousel\" aria-label=\"Carrousel d\u2019images\" dir=\"ltr\">\n\t\t\t<div class=\"elementor-image-carousel swiper-wrapper\" aria-live=\"off\">\n\t\t\t\t\t\t\t\t<div class=\"swiper-slide\" role=\"group\" aria-roledescription=\"slide\" aria-label=\"1 sur 7\"><figure class=\"swiper-slide-inner\"><img decoding=\"async\" class=\"swiper-slide-image\" src=\"https:\/\/radam.normandiewebschool.education\/wp-content\/uploads\/2026\/02\/Image-11-02-2026-a-19.01-2.png\" alt=\"Image 11-02-2026 \u00e0 19.01 (2)\" \/><\/figure><\/div><div class=\"swiper-slide\" role=\"group\" aria-roledescription=\"slide\" aria-label=\"2 sur 7\"><figure class=\"swiper-slide-inner\"><img decoding=\"async\" class=\"swiper-slide-image\" src=\"https:\/\/radam.normandiewebschool.education\/wp-content\/uploads\/2026\/02\/Image-11-02-2026-a-19.01-1.png\" alt=\"Image 11-02-2026 \u00e0 19.01 (1)\" \/><\/figure><\/div><div class=\"swiper-slide\" role=\"group\" aria-roledescription=\"slide\" aria-label=\"3 sur 7\"><figure class=\"swiper-slide-inner\"><img decoding=\"async\" class=\"swiper-slide-image\" src=\"https:\/\/radam.normandiewebschool.education\/wp-content\/uploads\/2026\/02\/Image-11-02-2026-a-19.01.png\" alt=\"Image 11-02-2026 \u00e0 19.01\" \/><\/figure><\/div><div class=\"swiper-slide\" role=\"group\" aria-roledescription=\"slide\" aria-label=\"4 sur 7\"><figure class=\"swiper-slide-inner\"><img decoding=\"async\" class=\"swiper-slide-image\" src=\"https:\/\/radam.normandiewebschool.education\/wp-content\/uploads\/2026\/02\/Image-11-02-2026-a-18.59-3.png\" alt=\"Image 11-02-2026 \u00e0 18.59 (3)\" \/><\/figure><\/div><div class=\"swiper-slide\" role=\"group\" aria-roledescription=\"slide\" aria-label=\"5 sur 7\"><figure class=\"swiper-slide-inner\"><img decoding=\"async\" class=\"swiper-slide-image\" src=\"https:\/\/radam.normandiewebschool.education\/wp-content\/uploads\/2026\/02\/Image-11-02-2026-a-18.59-2.png\" alt=\"Image 11-02-2026 \u00e0 18.59 (2)\" \/><\/figure><\/div><div class=\"swiper-slide\" role=\"group\" aria-roledescription=\"slide\" aria-label=\"6 sur 7\"><figure class=\"swiper-slide-inner\"><img decoding=\"async\" class=\"swiper-slide-image\" src=\"https:\/\/radam.normandiewebschool.education\/wp-content\/uploads\/2026\/02\/Image-11-02-2026-a-18.59.png\" alt=\"Image 11-02-2026 \u00e0 18.59\" \/><\/figure><\/div><div class=\"swiper-slide\" role=\"group\" aria-roledescription=\"slide\" aria-label=\"7 sur 7\"><figure class=\"swiper-slide-inner\"><img decoding=\"async\" class=\"swiper-slide-image\" src=\"https:\/\/radam.normandiewebschool.education\/wp-content\/uploads\/2026\/02\/Image-11-02-2026-a-18.58-1.png\" alt=\"Image 11-02-2026 \u00e0 18.58\" \/><\/figure><\/div>\t\t\t<\/div>\n\t\t\t\t\t\t\t\t\t\t\t\t<div class=\"elementor-swiper-button elementor-swiper-button-prev\" role=\"button\" tabindex=\"0\">\n\t\t\t\t\t\t<svg aria-hidden=\"true\" class=\"e-font-icon-svg e-eicon-chevron-left\" viewBox=\"0 0 1000 1000\" xmlns=\"http:\/\/www.w3.org\/2000\/svg\"><path d=\"M646 125C629 125 613 133 604 142L308 442C296 454 292 471 292 487 292 504 296 521 308 533L604 854C617 867 629 875 646 875 663 875 679 871 692 858 704 846 713 829 713 812 713 796 708 779 692 767L438 487 692 225C700 217 708 204 708 187 708 171 704 154 692 142 675 129 663 125 646 125Z\"><\/path><\/svg>\t\t\t\t\t<\/div>\n\t\t\t\t\t<div class=\"elementor-swiper-button elementor-swiper-button-next\" role=\"button\" tabindex=\"0\">\n\t\t\t\t\t\t<svg aria-hidden=\"true\" class=\"e-font-icon-svg e-eicon-chevron-right\" viewBox=\"0 0 1000 1000\" xmlns=\"http:\/\/www.w3.org\/2000\/svg\"><path d=\"M696 533C708 521 713 504 713 487 713 471 708 454 696 446L400 146C388 133 375 125 354 125 338 125 325 129 313 142 300 154 292 171 292 187 292 204 296 221 308 233L563 492 304 771C292 783 288 800 288 817 288 833 296 850 308 863 321 871 338 875 354 875 371 875 388 867 400 854L696 533Z\"><\/path><\/svg>\t\t\t\t\t<\/div>\n\t\t\t\t\n\t\t\t\t\t\t\t\t\t<div class=\"swiper-pagination\"><\/div>\n\t\t\t\t\t\t\t\t\t<\/div>\n\t\t\t\t\t\t<\/div>\n\t\t\t\t<\/div>\n\t\t\t\t<div class=\"elementor-element elementor-element-aaec55c elementor-widget elementor-widget-heading\" data-id=\"aaec55c\" data-element_type=\"widget\" data-widget_type=\"heading.default\">\n\t\t\t\t<div class=\"elementor-widget-container\">\n\t\t\t\t\t<h2 class=\"elementor-heading-title elementor-size-default\">Voici ma charte graphique, mon but \u00e9tait de reproduire le logo d'une marque de v\u00eatement que j'affectionne.\nJ'ai repris la typographie et certaine des couleurs pour faire mon portfolio. Il est donc organis\u00e9 selon certaines choses.<br>Pour mes titres j'ai repris une certaine typographie, de m\u00eame pour mes textes !<\/h2>\t\t\t\t<\/div>\n\t\t\t\t<\/div>\n\t\t\t\t<div class=\"elementor-element elementor-element-9748add elementor-widget elementor-widget-image\" data-id=\"9748add\" data-element_type=\"widget\" data-widget_type=\"image.default\">\n\t\t\t\t<div class=\"elementor-widget-container\">\n\t\t\t\t\t\t\t\t\t\t\t\t\t\t\t<img decoding=\"async\" width=\"800\" height=\"450\" src=\"https:\/\/radam.normandiewebschool.education\/wp-content\/uploads\/2026\/02\/Image-11-02-2026-a-18.59-2-1024x576.png\" class=\"attachment-large size-large wp-image-555\" alt=\"\" srcset=\"https:\/\/radam.normandiewebschool.education\/wp-content\/uploads\/2026\/02\/Image-11-02-2026-a-18.59-2-1024x576.png 1024w, https:\/\/radam.normandiewebschool.education\/wp-content\/uploads\/2026\/02\/Image-11-02-2026-a-18.59-2-300x169.png 300w, https:\/\/radam.normandiewebschool.education\/wp-content\/uploads\/2026\/02\/Image-11-02-2026-a-18.59-2-768x432.png 768w, https:\/\/radam.normandiewebschool.education\/wp-content\/uploads\/2026\/02\/Image-11-02-2026-a-18.59-2-1536x864.png 1536w, https:\/\/radam.normandiewebschool.education\/wp-content\/uploads\/2026\/02\/Image-11-02-2026-a-18.59-2.png 1878w\" sizes=\"(max-width: 800px) 100vw, 800px\" \/>\t\t\t\t\t\t\t\t\t\t\t\t\t\t\t<\/div>\n\t\t\t\t<\/div>\n\t\t\t\t\t<\/div>\n\t\t\t\t<\/div>\n\t\t<div class=\"elementor-element elementor-element-866870c e-grid e-con-boxed e-con e-parent\" data-id=\"866870c\" data-element_type=\"container\" data-settings=\"{&quot;background_background&quot;:&quot;classic&quot;}\">\n\t\t\t\t\t<div class=\"e-con-inner\">\n\t\t\t\t<div class=\"elementor-element elementor-element-e5ba111 elementor-widget elementor-widget-image\" data-id=\"e5ba111\" data-element_type=\"widget\" data-widget_type=\"image.default\">\n\t\t\t\t<div class=\"elementor-widget-container\">\n\t\t\t\t\t\t\t\t\t\t\t\t\t\t\t<img decoding=\"async\" width=\"768\" height=\"1024\" src=\"https:\/\/radam.normandiewebschool.education\/wp-content\/uploads\/2025\/04\/IMG_1912-1-768x1024.jpeg\" class=\"attachment-large size-large wp-image-266\" alt=\"\" srcset=\"https:\/\/radam.normandiewebschool.education\/wp-content\/uploads\/2025\/04\/IMG_1912-1-768x1024.jpeg 768w, https:\/\/radam.normandiewebschool.education\/wp-content\/uploads\/2025\/04\/IMG_1912-1-225x300.jpeg 225w, https:\/\/radam.normandiewebschool.education\/wp-content\/uploads\/2025\/04\/IMG_1912-1-1152x1536.jpeg 1152w, https:\/\/radam.normandiewebschool.education\/wp-content\/uploads\/2025\/04\/IMG_1912-1-1536x2048.jpeg 1536w, https:\/\/radam.normandiewebschool.education\/wp-content\/uploads\/2025\/04\/IMG_1912-1-scaled.jpeg 1920w\" sizes=\"(max-width: 768px) 100vw, 768px\" \/>\t\t\t\t\t\t\t\t\t\t\t\t\t\t\t<\/div>\n\t\t\t\t<\/div>\n\t\t\t\t<div class=\"elementor-element elementor-element-6f35704 elementor-widget elementor-widget-image\" data-id=\"6f35704\" data-element_type=\"widget\" data-widget_type=\"image.default\">\n\t\t\t\t<div class=\"elementor-widget-container\">\n\t\t\t\t\t\t\t\t\t\t\t\t\t\t\t<img loading=\"lazy\" decoding=\"async\" width=\"768\" height=\"1024\" src=\"https:\/\/radam.normandiewebschool.education\/wp-content\/uploads\/2025\/04\/IMG_1516-1-768x1024.jpeg\" class=\"attachment-large size-large wp-image-265\" alt=\"\" srcset=\"https:\/\/radam.normandiewebschool.education\/wp-content\/uploads\/2025\/04\/IMG_1516-1-768x1024.jpeg 768w, https:\/\/radam.normandiewebschool.education\/wp-content\/uploads\/2025\/04\/IMG_1516-1-225x300.jpeg 225w, https:\/\/radam.normandiewebschool.education\/wp-content\/uploads\/2025\/04\/IMG_1516-1-1152x1536.jpeg 1152w, https:\/\/radam.normandiewebschool.education\/wp-content\/uploads\/2025\/04\/IMG_1516-1-1536x2048.jpeg 1536w, https:\/\/radam.normandiewebschool.education\/wp-content\/uploads\/2025\/04\/IMG_1516-1-scaled.jpeg 1920w\" sizes=\"(max-width: 768px) 100vw, 768px\" \/>\t\t\t\t\t\t\t\t\t\t\t\t\t\t\t<\/div>\n\t\t\t\t<\/div>\n\t\t\t\t<div class=\"elementor-element elementor-element-bcb7190 elementor-widget elementor-widget-image\" data-id=\"bcb7190\" data-element_type=\"widget\" data-widget_type=\"image.default\">\n\t\t\t\t<div class=\"elementor-widget-container\">\n\t\t\t\t\t\t\t\t\t\t\t\t\t\t\t<img loading=\"lazy\" decoding=\"async\" width=\"768\" height=\"1024\" src=\"https:\/\/radam.normandiewebschool.education\/wp-content\/uploads\/2025\/04\/IMG_2635-1-768x1024.jpeg\" class=\"attachment-large size-large wp-image-264\" alt=\"\" srcset=\"https:\/\/radam.normandiewebschool.education\/wp-content\/uploads\/2025\/04\/IMG_2635-1-768x1024.jpeg 768w, https:\/\/radam.normandiewebschool.education\/wp-content\/uploads\/2025\/04\/IMG_2635-1-225x300.jpeg 225w, https:\/\/radam.normandiewebschool.education\/wp-content\/uploads\/2025\/04\/IMG_2635-1-1152x1536.jpeg 1152w, https:\/\/radam.normandiewebschool.education\/wp-content\/uploads\/2025\/04\/IMG_2635-1-1536x2048.jpeg 1536w, https:\/\/radam.normandiewebschool.education\/wp-content\/uploads\/2025\/04\/IMG_2635-1-scaled.jpeg 1920w\" sizes=\"(max-width: 768px) 100vw, 768px\" \/>\t\t\t\t\t\t\t\t\t\t\t\t\t\t\t<\/div>\n\t\t\t\t<\/div>\n\t\t\t\t\t<\/div>\n\t\t\t\t<\/div>\n\t\t<div class=\"elementor-element elementor-element-ef65ca6 e-grid e-con-boxed e-con e-parent\" data-id=\"ef65ca6\" data-element_type=\"container\" data-settings=\"{&quot;background_background&quot;:&quot;classic&quot;}\">\n\t\t\t\t\t<div class=\"e-con-inner\">\n\t\t\t\t<div class=\"elementor-element elementor-element-2c5cdd0 elementor-widget elementor-widget-heading\" data-id=\"2c5cdd0\" data-element_type=\"widget\" data-widget_type=\"heading.default\">\n\t\t\t\t<div class=\"elementor-widget-container\">\n\t\t\t\t\t<h2 class=\"elementor-heading-title elementor-size-default\">Stade oc\u00e9ane<\/h2>\t\t\t\t<\/div>\n\t\t\t\t<\/div>\n\t\t\t\t<div class=\"elementor-element elementor-element-b5c73e7 elementor-widget elementor-widget-heading\" data-id=\"b5c73e7\" data-element_type=\"widget\" data-widget_type=\"heading.default\">\n\t\t\t\t<div class=\"elementor-widget-container\">\n\t\t\t\t\t<h2 class=\"elementor-heading-title elementor-size-default\">Cath\u00e9drale du Havre<\/h2>\t\t\t\t<\/div>\n\t\t\t\t<\/div>\n\t\t\t\t<div class=\"elementor-element elementor-element-1de8e14 elementor-widget elementor-widget-heading\" data-id=\"1de8e14\" data-element_type=\"widget\" data-widget_type=\"heading.default\">\n\t\t\t\t<div class=\"elementor-widget-container\">\n\t\t\t\t\t<h2 class=\"elementor-heading-title elementor-size-default\">Promenade des anglais, Nice<\/h2>\t\t\t\t<\/div>\n\t\t\t\t<\/div>\n\t\t\t\t\t<\/div>\n\t\t\t\t<\/div>\n\t\t<div class=\"elementor-element elementor-element-a83056b e-flex e-con-boxed e-con e-parent\" data-id=\"a83056b\" data-element_type=\"container\" data-settings=\"{&quot;background_background&quot;:&quot;classic&quot;}\">\n\t\t\t\t\t<div class=\"e-con-inner\">\n\t\t\t\t<div class=\"elementor-element elementor-element-374429d elementor-widget elementor-widget-text-editor\" data-id=\"374429d\" data-element_type=\"widget\" data-widget_type=\"text-editor.default\">\n\t\t\t\t<div class=\"elementor-widget-container\">\n\t\t\t\t\t\t\t\t\t<p>Projetant \u00e9galement de faire de la photo, j&rsquo;aime beaucoup prendre, capturer chaque endroit que je visite ou qui peut me plaire.\u00a0<\/p><p>Je profite donc de chaque endroit que je remarque pour prendre des photos !<\/p>\t\t\t\t\t\t\t\t<\/div>\n\t\t\t\t<\/div>\n\t\t\t\t\t<\/div>\n\t\t\t\t<\/div>\n\t\t<div class=\"elementor-element elementor-element-00b22d5 e-flex e-con-boxed e-con e-parent\" data-id=\"00b22d5\" data-element_type=\"container\" data-settings=\"{&quot;background_background&quot;:&quot;classic&quot;}\">\n\t\t\t\t\t<div class=\"e-con-inner\">\n\t\t\t\t<div class=\"elementor-element elementor-element-0ec353c elementor-align-center elementor-widget elementor-widget-button\" data-id=\"0ec353c\" data-element_type=\"widget\" data-widget_type=\"button.default\">\n\t\t\t\t<div class=\"elementor-widget-container\">\n\t\t\t\t\t\t\t\t\t<div class=\"elementor-button-wrapper\">\n\t\t\t\t\t<a class=\"elementor-button elementor-button-link elementor-size-sm\" href=\"https:\/\/radam.normandiewebschool.education\/wp-admin\/post.php?post=187&#038;action=elementor\" id=\"https:\/\/radam.normandiewebschool.education\/wp-admin\/post.php?post=187&amp;action=elementor\">\n\t\t\t\t\t\t<span class=\"elementor-button-content-wrapper\">\n\t\t\t\t\t\t\t\t\t<span class=\"elementor-button-text\">voir mes projets<\/span>\n\t\t\t\t\t<\/span>\n\t\t\t\t\t<\/a>\n\t\t\t\t<\/div>\n\t\t\t\t\t\t\t\t<\/div>\n\t\t\t\t<\/div>\n\t\t\t\t\t<\/div>\n\t\t\t\t<\/div>\n\t\t\t\t<\/div>\n\t\t","protected":false},"excerpt":{"rendered":"<p>\u00ab Chaque id\u00e9e r\u00e9alis\u00e9e est une version am\u00e9lior\u00e9e de soi. \u00bb S\u2019il y a une chose que j\u2019ai comprise avec le temps, c\u2019est que tout ce que l\u2019on vit nous apprend quelque chose. Chaque exp\u00e9rience, qu\u2019elle soit positive ou plus difficile, participe \u00e0 nous construire et \u00e0 nous faire avancer. Le sport a toujours occup\u00e9 [&hellip;]<\/p>\n","protected":false},"author":1,"featured_media":0,"parent":0,"menu_order":0,"comment_status":"closed","ping_status":"closed","template":"","meta":{"_themeisle_gutenberg_block_has_review":false,"footnotes":""},"class_list":["post-192","page","type-page","status-publish","hentry"],"_links":{"self":[{"href":"https:\/\/radam.normandiewebschool.education\/index.php?rest_route=\/wp\/v2\/pages\/192","targetHints":{"allow":["GET"]}}],"collection":[{"href":"https:\/\/radam.normandiewebschool.education\/index.php?rest_route=\/wp\/v2\/pages"}],"about":[{"href":"https:\/\/radam.normandiewebschool.education\/index.php?rest_route=\/wp\/v2\/types\/page"}],"author":[{"embeddable":true,"href":"https:\/\/radam.normandiewebschool.education\/index.php?rest_route=\/wp\/v2\/users\/1"}],"replies":[{"embeddable":true,"href":"https:\/\/radam.normandiewebschool.education\/index.php?rest_route=%2Fwp%2Fv2%2Fcomments&post=192"}],"version-history":[{"count":79,"href":"https:\/\/radam.normandiewebschool.education\/index.php?rest_route=\/wp\/v2\/pages\/192\/revisions"}],"predecessor-version":[{"id":596,"href":"https:\/\/radam.normandiewebschool.education\/index.php?rest_route=\/wp\/v2\/pages\/192\/revisions\/596"}],"wp:attachment":[{"href":"https:\/\/radam.normandiewebschool.education\/index.php?rest_route=%2Fwp%2Fv2%2Fmedia&parent=192"}],"curies":[{"name":"wp","href":"https:\/\/api.w.org\/{rel}","templated":true}]}}